{"id":489,"date":"2023-01-30T12:53:20","date_gmt":"2023-01-30T11:53:20","guid":{"rendered":"https:\/\/stitedu.eu\/?page_id=489"},"modified":"2023-10-17T07:40:07","modified_gmt":"2023-10-17T06:40:07","slug":"proiectul","status":"publish","type":"page","link":"https:\/\/stitedu.eu\/ro\/proiectul\/","title":{"rendered":"Proiectul"},"content":{"rendered":"\t\t<div data-elementor-type=\"wp-page\" data-elementor-id=\"489\" class=\"elementor elementor-489 elementor-31\">\n\t\t\t\t\t\t<section class=\"elementor-section elementor-top-section elementor-element elementor-element-44ff62bd elementor-section-boxed elementor-section-height-default elementor-section-height-default\" data-id=\"44ff62bd\" data-element_type=\"section\" data-e-type=\"section\">\n\t\t\t\t\t\t<div class=\"elementor-container elementor-column-gap-default\">\n\t\t\t\t\t<div class=\"elementor-column elementor-col-100 elementor-top-column elementor-element elementor-element-7dd10538\" data-id=\"7dd10538\" data-element_type=\"column\" data-e-type=\"column\">\n\t\t\t<div class=\"elementor-widget-wrap elementor-element-populated\">\n\t\t\t\t\t\t<div class=\"elementor-element elementor-element-758ac601 elementor-widget elementor-widget-heading\" data-id=\"758ac601\" data-element_type=\"widget\" data-e-type=\"widget\" data-widget_type=\"heading.default\">\n\t\t\t\t<div class=\"elementor-widget-container\">\n\t\t\t\t\t<h1 class=\"elementor-heading-title elementor-size-default\">Proiectul<\/h1>\t\t\t\t<\/div>\n\t\t\t\t<\/div>\n\t\t\t\t\t<\/div>\n\t\t<\/div>\n\t\t\t\t\t<\/div>\n\t\t<\/section>\n\t\t\t\t<section class=\"elementor-section elementor-top-section elementor-element elementor-element-176910ec elementor-section-boxed elementor-section-height-default elementor-section-height-default\" data-id=\"176910ec\" data-element_type=\"section\" data-e-type=\"section\">\n\t\t\t\t\t\t<div class=\"elementor-container elementor-column-gap-default\">\n\t\t\t\t\t<div class=\"elementor-column elementor-col-100 elementor-top-column elementor-element elementor-element-1ed839a4\" data-id=\"1ed839a4\" data-element_type=\"column\" data-e-type=\"column\">\n\t\t\t<div class=\"elementor-widget-wrap elementor-element-populated\">\n\t\t\t\t\t\t<div class=\"elementor-element elementor-element-157d9b99 elementor-widget-divider--view-line_icon elementor-view-default elementor-widget-divider--element-align-center elementor-widget elementor-widget-divider\" data-id=\"157d9b99\" data-element_type=\"widget\" data-e-type=\"widget\" data-widget_type=\"divider.default\">\n\t\t\t\t<div class=\"elementor-widget-container\">\n\t\t\t\t\t\t\t<div class=\"elementor-divider\">\n\t\t\t<span class=\"elementor-divider-separator\">\n\t\t\t\t\t\t\t<div class=\"elementor-icon elementor-divider__element\">\n\t\t\t\t\t<i aria-hidden=\"true\" class=\"far fa-lightbulb\"><\/i><\/div>\n\t\t\t\t\t\t<\/span>\n\t\t<\/div>\n\t\t\t\t\t\t<\/div>\n\t\t\t\t<\/div>\n\t\t\t\t\t<\/div>\n\t\t<\/div>\n\t\t\t\t\t<\/div>\n\t\t<\/section>\n\t\t\t\t<section class=\"elementor-section elementor-top-section elementor-element elementor-element-53c716be elementor-section-boxed elementor-section-height-default elementor-section-height-default\" data-id=\"53c716be\" data-element_type=\"section\" data-e-type=\"section\">\n\t\t\t\t\t\t<div class=\"elementor-container elementor-column-gap-default\">\n\t\t\t\t\t<div class=\"elementor-column elementor-col-100 elementor-top-column elementor-element elementor-element-315a63b0\" data-id=\"315a63b0\" data-element_type=\"column\" data-e-type=\"column\">\n\t\t\t<div class=\"elementor-widget-wrap elementor-element-populated\">\n\t\t\t\t\t\t<div class=\"elementor-element elementor-element-4d6b186a elementor-widget elementor-widget-text-editor\" data-id=\"4d6b186a\" data-element_type=\"widget\" data-e-type=\"widget\" data-widget_type=\"text-editor.default\">\n\t\t\t\t<div class=\"elementor-widget-container\">\n\t\t\t\t\t\t\t\t\t<h1>Scop:<\/h1><p><img fetchpriority=\"high\" decoding=\"async\" src=\"https:\/\/stitedu.eu\/wp-content\/uploads\/LTTA-STIT-II-300x179.webp\" alt=\"\" width=\"450\" height=\"268\" \/><\/p><p>De obicei, personalul VET este l\u0103sat singur s\u0103 se ocupe de nevoile de accesibilitate \u00een timpul lec\u021biilor \u0219i al momentelor educa\u021bionale. Prin urmare, este posibil ca ace\u0219tia s\u0103 nu aib\u0103 competen\u021bele sau instrumentele necesare pentru a aborda nevoile educa\u021bionale speciale \u00een cadrul \u00eenv\u0103\u021b\u0103rii online. De obicei, \u00een niciuna dintre \u021b\u0103rile partenere, educatorii VET nu sunt obliga\u021bi s\u0103 urmeze cursuri de formare specifice privind accesibilitatea sau modul de sprijinire a elevilor cu dizabilit\u0103\u021bi \u0219i cu nevoi educa\u021bionale speciale (\u00een special \u00een cadrul \u00eenv\u0103\u021b\u0103m\u00e2ntului la distan\u021b\u0103).<\/p><p>Scopul proiectului STIT este de a deservi at\u00e2t cadrele didactice, c\u00e2t \u0219i elevii: profesorii care au nevoie de \u00eendrumare, instrumente \u0219i mediu pentru a func\u021biona c\u00e2t mai bine \u00een realitatea contemporan\u0103 \u0219i elevii pentru ca ace\u0219tia s\u0103 poat\u0103 pune lumea din care fac parte (cea tehnologic\u0103) \u00een slujba \u00eenv\u0103\u021b\u0103rii lor, cu ajutorul competen\u021belor \u0219i practicilor specifice.<\/p><p>Proiectul STIT are ca obiectiv stimularea dezvolt\u0103rii profesionale a personalului din domeniul VET \u0219i, \u00een consecin\u021b\u0103, \u00eembun\u0103t\u0103\u021birea accesibilit\u0103\u021bii \u0219i incluziunii \u00een \u00eenv\u0103\u021b\u0103m\u00e2ntul digital \u0219i la distan\u021b\u0103 din sectorul VET, \u00een special \u00een cazul elevilor cu dizabilit\u0103\u021bi \u0219i cu nevoi educa\u021bionale speciale.<\/p><h1>Obiective:<\/h1><p><span style=\"font-size: 14px; color: var( --e-global-color-text ); font-family: var( --e-global-typography-text-font-family ), Sans-serif; font-weight: var( --e-global-typography-text-font-weight );\">Proiectul<\/span><span style=\"font-size: 14px; color: var( --e-global-color-text ); font-family: var( --e-global-typography-text-font-family ), Sans-serif; font-weight: var( --e-global-typography-text-font-weight );\">\u00a0<\/span>STIT are ca obiectiv promovarea dezvolt\u0103rii profesionale a personalului din domeniul VET \u0219i, \u00een consecin\u021b\u0103, \u00eembun\u0103t\u0103\u021birea accesibilit\u0103\u021bii \u0219i incluziunii \u00een \u00eenv\u0103\u021b\u0103m\u00e2ntul digital \u0219i la distan\u021b\u0103 din sectorul VET, \u00een special \u00een cazul elevilor cu dizabilit\u0103\u021bi \u0219i cu nevoi educa\u021bionale speciale.<\/p><p>Prin schimbul de abilit\u0103\u021bi \u0219i competen\u021be, proiectul STIT va putea ob\u021bine o diseminare rapid\u0103 a bunelor practici \u0219i crearea unor procese de formare virtuoase, capabile s\u0103 se \u00eembun\u0103t\u0103\u021beasc\u0103 prin compara\u021bie \u0219i mereu actualizate.<\/p><p>Proiectul promoveaz\u0103 o &#8222;inteligen\u021b\u0103 colectiv\u0103&#8221; pe care Pierre Levy o rezum\u0103 astfel: &#8222;nimeni nu \u0219tie totul, toat\u0103 lumea \u0219tie ceva&#8221;.<\/p><h1>Rezultate:<\/h1><p>Proiectul STIT prevede dezvoltarea a 2 rezultate intelectuale de mare impact, cu un poten\u021bial ridicat de transferabilitate.<\/p><p>Primul este &#8222;<a href=\"https:\/\/videocourse.stitedu.eu\/\" target=\"_blank\" rel=\"noopener\">Cursul de formare online pentru personalul VET<\/a>&#8222;, care are ca scop r\u0103sp\u00e2ndirea practicilor pedagogice \u00eenv\u0103\u021bate, dincolo de personalul partener al proiectului. Cursul este alc\u0103tuit din webinarii pre\u00eenregistrate \u0219i include momente interactive (de exemplu, momente de reflec\u021bie, jocuri etc.) care maximizeaz\u0103 impactul \u00eenv\u0103\u021b\u0103rii asupra celui care urmeaz\u0103 cursul.<\/p><p>Cel de-al doilea este &#8222;<a href=\"https:\/\/toolkit.stitedu.eu\/ro\/\" target=\"_blank\" rel=\"noopener\">Setul de instrumente de supravie\u021buire pentru personalul VET<\/a>&#8222;, platform\u0103 digital\u0103 de crowd-sourcing care are ca scop colectarea de resurse adaptabile pornind de la experien\u021ba didactic\u0103 a partenerilor VET. Setul de instrumente de supravie\u021buire permite profesorilor s\u0103 \u00ee\u0219i creeze propriile lec\u021bii folosind \u0219i combin\u00e2nd instrumente \u0219i solu\u021bii adoptate de al\u021bii. Scopul este de a utiliza poten\u021bialul lumii digitale prin promovarea unor modele flexibile \u0219i colaborative.<\/p>\t\t\t\t\t\t\t\t<\/div>\n\t\t\t\t<\/div>\n\t\t\t\t\t<\/div>\n\t\t<\/div>\n\t\t\t\t\t<\/div>\n\t\t<\/section>\n\t\t\t\t<\/div>\n\t\t","protected":false},"excerpt":{"rendered":"<p>Proiectul Scop: De obicei, personalul VET este l\u0103sat singur s\u0103 se ocupe de nevoile de accesibilitate \u00een timpul lec\u021biilor \u0219i al momentelor educa\u021bionale. Prin urmare, este posibil ca ace\u0219tia s\u0103 nu aib\u0103 competen\u021bele sau instrumentele necesare pentru a aborda nevoile educa\u021bionale speciale \u00een cadrul \u00eenv\u0103\u021b\u0103rii online. De obicei, \u00een niciuna dintre \u021b\u0103rile partenere, educatorii VET nu sunt obliga\u021bi s\u0103 urmeze<\/p>\n<p><a class=\"more-link\" href=\"https:\/\/stitedu.eu\/ro\/proiectul\/\">Read More<\/a><\/p>\n","protected":false},"author":2,"featured_media":0,"parent":0,"menu_order":0,"comment_status":"closed","ping_status":"closed","template":"","meta":{"footnotes":""},"class_list":["post-489","page","type-page","status-publish","hentry"],"aioseo_notices":[],"_links":{"self":[{"href":"https:\/\/stitedu.eu\/ro\/wp-json\/wp\/v2\/pages\/489","targetHints":{"allow":["GET"]}}],"collection":[{"href":"https:\/\/stitedu.eu\/ro\/wp-json\/wp\/v2\/pages"}],"about":[{"href":"https:\/\/stitedu.eu\/ro\/wp-json\/wp\/v2\/types\/page"}],"author":[{"embeddable":true,"href":"https:\/\/stitedu.eu\/ro\/wp-json\/wp\/v2\/users\/2"}],"replies":[{"embeddable":true,"href":"https:\/\/stitedu.eu\/ro\/wp-json\/wp\/v2\/comments?post=489"}],"version-history":[{"count":10,"href":"https:\/\/stitedu.eu\/ro\/wp-json\/wp\/v2\/pages\/489\/revisions"}],"predecessor-version":[{"id":621,"href":"https:\/\/stitedu.eu\/ro\/wp-json\/wp\/v2\/pages\/489\/revisions\/621"}],"wp:attachment":[{"href":"https:\/\/stitedu.eu\/ro\/wp-json\/wp\/v2\/media?parent=489"}],"curies":[{"name":"wp","href":"https:\/\/api.w.org\/{rel}","templated":true}]}}