{"id":484,"date":"2023-01-30T12:53:20","date_gmt":"2023-01-30T11:53:20","guid":{"rendered":"https:\/\/stitedu.eu\/?page_id=484"},"modified":"2023-10-17T07:37:27","modified_gmt":"2023-10-17T06:37:27","slug":"progetto","status":"publish","type":"page","link":"https:\/\/stitedu.eu\/it\/progetto\/","title":{"rendered":"Progetto"},"content":{"rendered":"\t\t<div data-elementor-type=\"wp-page\" data-elementor-id=\"484\" class=\"elementor elementor-484 elementor-31\">\n\t\t\t\t\t\t<section class=\"elementor-section elementor-top-section elementor-element elementor-element-44ff62bd elementor-section-boxed elementor-section-height-default elementor-section-height-default\" data-id=\"44ff62bd\" data-element_type=\"section\" data-e-type=\"section\">\n\t\t\t\t\t\t<div class=\"elementor-container elementor-column-gap-default\">\n\t\t\t\t\t<div class=\"elementor-column elementor-col-100 elementor-top-column elementor-element elementor-element-7dd10538\" data-id=\"7dd10538\" data-element_type=\"column\" data-e-type=\"column\">\n\t\t\t<div class=\"elementor-widget-wrap elementor-element-populated\">\n\t\t\t\t\t\t<div class=\"elementor-element elementor-element-758ac601 elementor-widget elementor-widget-heading\" data-id=\"758ac601\" data-element_type=\"widget\" data-e-type=\"widget\" data-widget_type=\"heading.default\">\n\t\t\t\t<div class=\"elementor-widget-container\">\n\t\t\t\t\t<h1 class=\"elementor-heading-title elementor-size-default\">Il progetto<\/h1>\t\t\t\t<\/div>\n\t\t\t\t<\/div>\n\t\t\t\t\t<\/div>\n\t\t<\/div>\n\t\t\t\t\t<\/div>\n\t\t<\/section>\n\t\t\t\t<section class=\"elementor-section elementor-top-section elementor-element elementor-element-176910ec elementor-section-boxed elementor-section-height-default elementor-section-height-default\" data-id=\"176910ec\" data-element_type=\"section\" data-e-type=\"section\">\n\t\t\t\t\t\t<div class=\"elementor-container elementor-column-gap-default\">\n\t\t\t\t\t<div class=\"elementor-column elementor-col-100 elementor-top-column elementor-element elementor-element-1ed839a4\" data-id=\"1ed839a4\" data-element_type=\"column\" data-e-type=\"column\">\n\t\t\t<div class=\"elementor-widget-wrap elementor-element-populated\">\n\t\t\t\t\t\t<div class=\"elementor-element elementor-element-157d9b99 elementor-widget-divider--view-line_icon elementor-view-default elementor-widget-divider--element-align-center elementor-widget elementor-widget-divider\" data-id=\"157d9b99\" data-element_type=\"widget\" data-e-type=\"widget\" data-widget_type=\"divider.default\">\n\t\t\t\t<div class=\"elementor-widget-container\">\n\t\t\t\t\t\t\t<div class=\"elementor-divider\">\n\t\t\t<span class=\"elementor-divider-separator\">\n\t\t\t\t\t\t\t<div class=\"elementor-icon elementor-divider__element\">\n\t\t\t\t\t<i aria-hidden=\"true\" class=\"far fa-lightbulb\"><\/i><\/div>\n\t\t\t\t\t\t<\/span>\n\t\t<\/div>\n\t\t\t\t\t\t<\/div>\n\t\t\t\t<\/div>\n\t\t\t\t\t<\/div>\n\t\t<\/div>\n\t\t\t\t\t<\/div>\n\t\t<\/section>\n\t\t\t\t<section class=\"elementor-section elementor-top-section elementor-element elementor-element-53c716be elementor-section-boxed elementor-section-height-default elementor-section-height-default\" data-id=\"53c716be\" data-element_type=\"section\" data-e-type=\"section\">\n\t\t\t\t\t\t<div class=\"elementor-container elementor-column-gap-default\">\n\t\t\t\t\t<div class=\"elementor-column elementor-col-100 elementor-top-column elementor-element elementor-element-315a63b0\" data-id=\"315a63b0\" data-element_type=\"column\" data-e-type=\"column\">\n\t\t\t<div class=\"elementor-widget-wrap elementor-element-populated\">\n\t\t\t\t\t\t<div class=\"elementor-element elementor-element-4d6b186a elementor-widget elementor-widget-text-editor\" data-id=\"4d6b186a\" data-element_type=\"widget\" data-e-type=\"widget\" data-widget_type=\"text-editor.default\">\n\t\t\t\t<div class=\"elementor-widget-container\">\n\t\t\t\t\t\t\t\t\t<h1>Scopi:<\/h1><p><img fetchpriority=\"high\" decoding=\"async\" class=\"alignleft\" src=\"https:\/\/stitedu.eu\/wp-content\/uploads\/LTTA-STIT-II-300x179.webp\" alt=\"\" width=\"450\" height=\"268\" \/><\/p><p>Il personale dell&#8217;istruzione e della formazione professionale \u00e8 solitamente lasciato solo a gestire le esigenze di accessibilit\u00e0 durante le lezioni e i momenti educativi. Pertanto, potrebbe non avere le competenze o gli strumenti per affrontare i Bisogni Educativi Speciali nell&#8217;apprendimento online. In genere, agli educatori dell&#8217;istruzione e della formazione professionale non \u00e8 richiesta alcuna formazione specifica sull&#8217;accessibilit\u00e0 o su come supportare gli studenti con disabilit\u00e0 e bisogni educativi speciali (soprattutto nell&#8217;apprendimento a distanza) in nessuno dei Paesi partner.<\/p><p>Lo scopo del progetto STIT \u00e8 quello di valorizzare sia gli insegnanti che gli studenti: gli insegnanti che hanno bisogno di bussole, strumenti e ambienti per operare al meglio nella realt\u00e0 contemporanea e gli studenti affinch\u00e9 possano mettere il mondo a cui appartengono (quello tecnologico) al servizio del loro apprendimento, con le loro competenze e pratiche.<\/p><p>La proposta STIT ha l&#8217;obiettivo di favorire lo sviluppo professionale del personale dell&#8217;istruzione e della formazione professionale e, di conseguenza, di migliorare l&#8217;accessibilit\u00e0 e l&#8217;inclusione nella formazione digitale e a distanza del settore dell&#8217;istruzione e della formazione professionale, in particolare per gli studenti con disabilit\u00e0 e con bisogni educativi speciali.<\/p><p><span style=\"font-size: 1.5rem;\">Obiettivi:<\/span><\/p><p>La proposta STIT ha l&#8217;obiettivo di favorire lo sviluppo professionale del personale dell&#8217;istruzione e della formazione professionale e, di conseguenza, di migliorare l&#8217;accessibilit\u00e0 e l&#8217;inclusione nella formazione digitale e a distanza del settore dell&#8217;istruzione e della formazione professionale, in particolare con gli studenti con disabilit\u00e0 e bisogni educativi speciali.<\/p><p>Attraverso la condivisione di abilit\u00e0 e competenze, il progetto STIT sar\u00e0 in grado di ottenere una rapida diffusione di buone pratiche e la creazione di processi formativi virtuosi, capaci di migliorare attraverso il confronto e sempre aggiornati.<\/p><p>Il progetto sar\u00e0 in grado di promuovere una &#8220;intelligenza collettiva&#8221; che Pierre Levy sintetizza con &#8220;nessuno sa tutto, tutti sanno qualcosa&#8221;.<\/p><h1>Risultati:<\/h1><p>Il progetto STIT prevede lo sviluppo di due prodotti intellettuali ad alto impatto con un elevato potenziale di trasferibilit\u00e0.<\/p><p>Il primo \u00e8 il &#8220;<a href=\"https:\/\/videocourse.stitedu.eu\/\" target=\"_blank\" rel=\"noopener\">Corso di formazione online per il personale dell&#8217;istruzione e della formazione professionale<\/a>&#8221; che mira a diffondere le pratiche pedagogiche apprese, al di l\u00e0 del personale partner del progetto. Il corso sar\u00e0 composto da webinar preregistrati e includer\u00e0 momenti interattivi (ad esempio, momenti di riflessione, giochi, ecc.) che massimizzeranno l&#8217;impatto dell&#8217;apprendimento sul partecipante al corso.<\/p><p>Il secondo \u00e8 il &#8220;<a href=\"https:\/\/toolkit.stitedu.eu\/it\/\" target=\"_blank\" rel=\"noopener\">Survival Toolkit for VET staff<\/a>&#8220;, una piattaforma digitale di crowd-sourcing che mira a raccogliere risorse adattabili a partire dall&#8217;esperienza didattica dei partner VET. Il Survival Toolkit consentir\u00e0 agli insegnanti di creare le proprie lezioni utilizzando e combinando strumenti e soluzioni adottate da altri. L&#8217;obiettivo \u00e8 sfruttare le potenzialit\u00e0 del mondo digitale promuovendo modelli flessibili e collaborativi.<\/p>\t\t\t\t\t\t\t\t<\/div>\n\t\t\t\t<\/div>\n\t\t\t\t\t<\/div>\n\t\t<\/div>\n\t\t\t\t\t<\/div>\n\t\t<\/section>\n\t\t\t\t<\/div>\n\t\t","protected":false},"excerpt":{"rendered":"<p>Il progetto Scopi: Il personale dell&#8217;istruzione e della formazione professionale \u00e8 solitamente lasciato solo a gestire le esigenze di accessibilit\u00e0 durante le lezioni e i momenti educativi. Pertanto, potrebbe non avere le competenze o gli strumenti per affrontare i Bisogni Educativi Speciali nell&#8217;apprendimento online. In genere, agli educatori dell&#8217;istruzione e della formazione professionale non \u00e8 richiesta alcuna formazione specifica sull&#8217;accessibilit\u00e0<\/p>\n<p><a class=\"more-link\" href=\"https:\/\/stitedu.eu\/it\/progetto\/\">Read More<\/a><\/p>\n","protected":false},"author":2,"featured_media":0,"parent":0,"menu_order":0,"comment_status":"closed","ping_status":"closed","template":"","meta":{"footnotes":""},"class_list":["post-484","page","type-page","status-publish","hentry"],"aioseo_notices":[],"_links":{"self":[{"href":"https:\/\/stitedu.eu\/it\/wp-json\/wp\/v2\/pages\/484","targetHints":{"allow":["GET"]}}],"collection":[{"href":"https:\/\/stitedu.eu\/it\/wp-json\/wp\/v2\/pages"}],"about":[{"href":"https:\/\/stitedu.eu\/it\/wp-json\/wp\/v2\/types\/page"}],"author":[{"embeddable":true,"href":"https:\/\/stitedu.eu\/it\/wp-json\/wp\/v2\/users\/2"}],"replies":[{"embeddable":true,"href":"https:\/\/stitedu.eu\/it\/wp-json\/wp\/v2\/comments?post=484"}],"version-history":[{"count":7,"href":"https:\/\/stitedu.eu\/it\/wp-json\/wp\/v2\/pages\/484\/revisions"}],"predecessor-version":[{"id":618,"href":"https:\/\/stitedu.eu\/it\/wp-json\/wp\/v2\/pages\/484\/revisions\/618"}],"wp:attachment":[{"href":"https:\/\/stitedu.eu\/it\/wp-json\/wp\/v2\/media?parent=484"}],"curies":[{"name":"wp","href":"https:\/\/api.w.org\/{rel}","templated":true}]}}