{"id":493,"date":"2023-01-30T12:53:20","date_gmt":"2023-01-30T11:53:20","guid":{"rendered":"https:\/\/stitedu.eu\/?page_id=493"},"modified":"2023-10-17T07:34:01","modified_gmt":"2023-10-17T06:34:01","slug":"proyecto","status":"publish","type":"page","link":"https:\/\/stitedu.eu\/es\/proyecto\/","title":{"rendered":"Proyecto"},"content":{"rendered":"\t\t<div data-elementor-type=\"wp-page\" data-elementor-id=\"493\" class=\"elementor elementor-493 elementor-31\">\n\t\t\t\t\t\t<section class=\"elementor-section elementor-top-section elementor-element elementor-element-44ff62bd elementor-section-boxed elementor-section-height-default elementor-section-height-default\" data-id=\"44ff62bd\" data-element_type=\"section\" data-e-type=\"section\">\n\t\t\t\t\t\t<div class=\"elementor-container elementor-column-gap-default\">\n\t\t\t\t\t<div class=\"elementor-column elementor-col-100 elementor-top-column elementor-element elementor-element-7dd10538\" data-id=\"7dd10538\" data-element_type=\"column\" data-e-type=\"column\">\n\t\t\t<div class=\"elementor-widget-wrap elementor-element-populated\">\n\t\t\t\t\t\t<div class=\"elementor-element elementor-element-758ac601 elementor-widget elementor-widget-heading\" data-id=\"758ac601\" data-element_type=\"widget\" data-e-type=\"widget\" data-widget_type=\"heading.default\">\n\t\t\t\t<div class=\"elementor-widget-container\">\n\t\t\t\t\t<h1 class=\"elementor-heading-title elementor-size-default\">El proyecto<\/h1>\t\t\t\t<\/div>\n\t\t\t\t<\/div>\n\t\t\t\t\t<\/div>\n\t\t<\/div>\n\t\t\t\t\t<\/div>\n\t\t<\/section>\n\t\t\t\t<section class=\"elementor-section elementor-top-section elementor-element elementor-element-176910ec elementor-section-boxed elementor-section-height-default elementor-section-height-default\" data-id=\"176910ec\" data-element_type=\"section\" data-e-type=\"section\">\n\t\t\t\t\t\t<div class=\"elementor-container elementor-column-gap-default\">\n\t\t\t\t\t<div class=\"elementor-column elementor-col-100 elementor-top-column elementor-element elementor-element-1ed839a4\" data-id=\"1ed839a4\" data-element_type=\"column\" data-e-type=\"column\">\n\t\t\t<div class=\"elementor-widget-wrap elementor-element-populated\">\n\t\t\t\t\t\t<div class=\"elementor-element elementor-element-157d9b99 elementor-widget-divider--view-line_icon elementor-view-default elementor-widget-divider--element-align-center elementor-widget elementor-widget-divider\" data-id=\"157d9b99\" data-element_type=\"widget\" data-e-type=\"widget\" data-widget_type=\"divider.default\">\n\t\t\t\t<div class=\"elementor-widget-container\">\n\t\t\t\t\t\t\t<div class=\"elementor-divider\">\n\t\t\t<span class=\"elementor-divider-separator\">\n\t\t\t\t\t\t\t<div class=\"elementor-icon elementor-divider__element\">\n\t\t\t\t\t<i aria-hidden=\"true\" class=\"far fa-lightbulb\"><\/i><\/div>\n\t\t\t\t\t\t<\/span>\n\t\t<\/div>\n\t\t\t\t\t\t<\/div>\n\t\t\t\t<\/div>\n\t\t\t\t\t<\/div>\n\t\t<\/div>\n\t\t\t\t\t<\/div>\n\t\t<\/section>\n\t\t\t\t<section class=\"elementor-section elementor-top-section elementor-element elementor-element-53c716be elementor-section-boxed elementor-section-height-default elementor-section-height-default\" data-id=\"53c716be\" data-element_type=\"section\" data-e-type=\"section\">\n\t\t\t\t\t\t<div class=\"elementor-container elementor-column-gap-default\">\n\t\t\t\t\t<div class=\"elementor-column elementor-col-100 elementor-top-column elementor-element elementor-element-315a63b0\" data-id=\"315a63b0\" data-element_type=\"column\" data-e-type=\"column\">\n\t\t\t<div class=\"elementor-widget-wrap elementor-element-populated\">\n\t\t\t\t\t\t<div class=\"elementor-element elementor-element-4d6b186a elementor-widget elementor-widget-text-editor\" data-id=\"4d6b186a\" data-element_type=\"widget\" data-e-type=\"widget\" data-widget_type=\"text-editor.default\">\n\t\t\t\t<div class=\"elementor-widget-container\">\n\t\t\t\t\t\t\t\t\t<h1>Metas:<\/h1><p><img fetchpriority=\"high\" decoding=\"async\" class=\"alignleft wp-image-90\" src=\"https:\/\/stitedu.eu\/wp-content\/uploads\/LTTA-STIT-II-300x179.webp\" alt=\"\" width=\"450\" height=\"268\" srcset=\"https:\/\/stitedu.eu\/wp-content\/uploads\/LTTA-STIT-II-300x179.webp 300w, https:\/\/stitedu.eu\/wp-content\/uploads\/LTTA-STIT-II-768x458.webp 768w, https:\/\/stitedu.eu\/wp-content\/uploads\/LTTA-STIT-II-800x477.webp 800w, https:\/\/stitedu.eu\/wp-content\/uploads\/LTTA-STIT-II.webp 960w\" sizes=\"(max-width: 450px) 100vw, 450px\" \/><\/p><p>El personal de EFP suele quedarse solo para atender las necesidades de accesibilidad durante las clases y los momentos educativos. Por lo tanto, es posible que no dispongan de las habilidades o los instrumentos necesarios para abordar las Necesidades Educativas Especiales en el aprendizaje en l\u00ednea. Normalmente, en ninguno de los pa\u00edses socios se exige a los educadores de FP que reciban formaci\u00f3n espec\u00edfica sobre accesibilidad o sobre c\u00f3mo apoyar a los estudiantes con discapacidades y Necesidades Educativas Especiales (especialmente en la ense\u00f1anza a distancia).<\/p><p>El prop\u00f3sito del proyecto STIT es mejorar tanto a los profesores como a los alumnos: a los profesores que necesitan orientaci\u00f3n, herramientas y entorno para desenvolverse lo mejor posible en la realidad contempor\u00e1nea y a los alumnos para que puedan poner el mundo al que pertenecen (el tecnol\u00f3gico) al servicio de su aprendizaje, con sus habilidades y pr\u00e1cticas.<\/p><p>La propuesta STIT tiene como objetivo fomentar el desarrollo profesional del personal de EFP y, en consecuencia, mejorar la accesibilidad y la inclusi\u00f3n en el aprendizaje digital y a distancia del sector de la EFP, en particular con los estudiantes con discapacidad y necesidades educativas especiales.<\/p><h1>Objetivos:<\/h1><p>La propuesta STIT tiene como objetivo fomentar el desarrollo profesional del personal de EFP y, en consecuencia, mejorar la accesibilidad y la inclusi\u00f3n en el aprendizaje digital y a distancia del sector de la EFP, en particular con estudiantes con discapacidad y necesidades educativas especiales.<\/p><p>Al compartir habilidades y competencias, el proyecto STIT obtendr\u00e1 una r\u00e1pida difusi\u00f3n de buenas pr\u00e1cticas y la creaci\u00f3n de procesos de formaci\u00f3n virtuosos, capaces de mejorar a trav\u00e9s de la comparaci\u00f3n y siempre actualizados.<\/p><p>El proyecto promover\u00e1 una \u00abinteligencia colectiva\u00bb que Pierre Levy resume con \u00abnadie lo sabe todo, todo el mundo sabe algo\u00bb.<\/p><h1>Resultados:<\/h1><p>El proyecto STIT prev\u00e9 el desarrollo de dos resultados intelectuales de gran impacto y potencial de transferencia.<\/p><p>El primero es el \u00ab<a href=\"https:\/\/videocourse.stitedu.eu\/\" target=\"_blank\" rel=\"noopener\">Curso de formaci\u00f3n en l\u00ednea para personal de EFP<\/a>\u00ab, cuyo objetivo es difundir las pr\u00e1cticas pedag\u00f3gicas aprendidas, m\u00e1s all\u00e1 del personal de los socios del proyecto. El curso constar\u00e1 de seminarios web pregrabados e incluir\u00e1 momentos interactivos (es decir, momentos de reflexi\u00f3n, juegos, etc.) que maximizar\u00e1n el impacto del aprendizaje en el alumno.<\/p><p>El segundo es el \u00ab<a href=\"https:\/\/toolkit.stitedu.eu\/es\/\" target=\"_blank\" rel=\"noopener\">Survival Toolkit for VET staff<\/a>\u00ab, una plataforma digital de crowdsourcing cuyo objetivo es recopilar recursos adaptables a partir de la experiencia docente de los socios de EFP. El Survival Toolkit permitir\u00e1 a los profesores crear sus propias lecciones utilizando y combinando herramientas y soluciones adoptadas por otros. El objetivo es aprovechar el potencial del mundo digital promoviendo modelos flexibles y colaborativos.<\/p>\t\t\t\t\t\t\t\t<\/div>\n\t\t\t\t<\/div>\n\t\t\t\t\t<\/div>\n\t\t<\/div>\n\t\t\t\t\t<\/div>\n\t\t<\/section>\n\t\t\t\t<\/div>\n\t\t","protected":false},"excerpt":{"rendered":"<p>El proyecto Metas: El personal de EFP suele quedarse solo para atender las necesidades de accesibilidad durante las clases y los momentos educativos. Por lo tanto, es posible que no dispongan de las habilidades o los instrumentos necesarios para abordar las Necesidades Educativas Especiales en el aprendizaje en l\u00ednea. Normalmente, en ninguno de los pa\u00edses socios se exige a los<\/p>\n<p><a class=\"more-link\" href=\"https:\/\/stitedu.eu\/es\/proyecto\/\">Leer m\u00e1s<\/a><\/p>\n","protected":false},"author":2,"featured_media":0,"parent":0,"menu_order":0,"comment_status":"closed","ping_status":"closed","template":"","meta":{"footnotes":""},"class_list":["post-493","page","type-page","status-publish","hentry"],"aioseo_notices":[],"_links":{"self":[{"href":"https:\/\/stitedu.eu\/es\/wp-json\/wp\/v2\/pages\/493","targetHints":{"allow":["GET"]}}],"collection":[{"href":"https:\/\/stitedu.eu\/es\/wp-json\/wp\/v2\/pages"}],"about":[{"href":"https:\/\/stitedu.eu\/es\/wp-json\/wp\/v2\/types\/page"}],"author":[{"embeddable":true,"href":"https:\/\/stitedu.eu\/es\/wp-json\/wp\/v2\/users\/2"}],"replies":[{"embeddable":true,"href":"https:\/\/stitedu.eu\/es\/wp-json\/wp\/v2\/comments?post=493"}],"version-history":[{"count":10,"href":"https:\/\/stitedu.eu\/es\/wp-json\/wp\/v2\/pages\/493\/revisions"}],"predecessor-version":[{"id":615,"href":"https:\/\/stitedu.eu\/es\/wp-json\/wp\/v2\/pages\/493\/revisions\/615"}],"wp:attachment":[{"href":"https:\/\/stitedu.eu\/es\/wp-json\/wp\/v2\/media?parent=493"}],"curies":[{"name":"wp","href":"https:\/\/api.w.org\/{rel}","templated":true}]}}