{"id":478,"date":"2023-02-01T14:05:32","date_gmt":"2023-02-01T13:05:32","guid":{"rendered":"https:\/\/stitedu.eu\/?page_id=478"},"modified":"2023-10-15T11:52:38","modified_gmt":"2023-10-15T10:52:38","slug":"socios","status":"publish","type":"page","link":"https:\/\/stitedu.eu\/es\/socios\/","title":{"rendered":"Socios"},"content":{"rendered":"\t\t<div data-elementor-type=\"wp-page\" data-elementor-id=\"478\" class=\"elementor elementor-478 elementor-197\">\n\t\t\t\t\t\t<section class=\"elementor-section elementor-top-section elementor-element elementor-element-5eb0f5f elementor-section-boxed elementor-section-height-default elementor-section-height-default\" data-id=\"5eb0f5f\" data-element_type=\"section\" data-e-type=\"section\">\n\t\t\t\t\t\t<div class=\"elementor-container elementor-column-gap-default\">\n\t\t\t\t\t<div class=\"elementor-column elementor-col-100 elementor-top-column elementor-element elementor-element-51deb97\" data-id=\"51deb97\" data-element_type=\"column\" data-e-type=\"column\">\n\t\t\t<div class=\"elementor-widget-wrap elementor-element-populated\">\n\t\t\t\t\t\t<div class=\"elementor-element elementor-element-81143a7 elementor-widget elementor-widget-heading\" data-id=\"81143a7\" data-element_type=\"widget\" data-e-type=\"widget\" data-widget_type=\"heading.default\">\n\t\t\t\t<div class=\"elementor-widget-container\">\n\t\t\t\t\t<h1 class=\"elementor-heading-title elementor-size-default\">Socios del proyecto<\/h1>\t\t\t\t<\/div>\n\t\t\t\t<\/div>\n\t\t\t\t\t<\/div>\n\t\t<\/div>\n\t\t\t\t\t<\/div>\n\t\t<\/section>\n\t\t\t\t<section class=\"elementor-section elementor-top-section elementor-element elementor-element-10bc0fc elementor-section-boxed elementor-section-height-default elementor-section-height-default\" data-id=\"10bc0fc\" data-element_type=\"section\" data-e-type=\"section\">\n\t\t\t\t\t\t<div class=\"elementor-container elementor-column-gap-default\">\n\t\t\t\t\t<div class=\"elementor-column elementor-col-100 elementor-top-column elementor-element elementor-element-2ffafff\" data-id=\"2ffafff\" data-element_type=\"column\" data-e-type=\"column\">\n\t\t\t<div class=\"elementor-widget-wrap elementor-element-populated\">\n\t\t\t\t\t\t<div class=\"elementor-element elementor-element-d20c359 elementor-widget-divider--view-line_icon elementor-view-default elementor-widget-divider--element-align-center elementor-widget elementor-widget-divider\" data-id=\"d20c359\" data-element_type=\"widget\" data-e-type=\"widget\" data-widget_type=\"divider.default\">\n\t\t\t\t<div class=\"elementor-widget-container\">\n\t\t\t\t\t\t\t<div class=\"elementor-divider\">\n\t\t\t<span class=\"elementor-divider-separator\">\n\t\t\t\t\t\t\t<div class=\"elementor-icon elementor-divider__element\">\n\t\t\t\t\t<i aria-hidden=\"true\" class=\"far fa-lightbulb\"><\/i><\/div>\n\t\t\t\t\t\t<\/span>\n\t\t<\/div>\n\t\t\t\t\t\t<\/div>\n\t\t\t\t<\/div>\n\t\t\t\t\t<\/div>\n\t\t<\/div>\n\t\t\t\t\t<\/div>\n\t\t<\/section>\n\t\t\t\t<section class=\"elementor-section elementor-top-section elementor-element elementor-element-8e0ce90 elementor-section-boxed elementor-section-height-default elementor-section-height-default\" data-id=\"8e0ce90\" data-element_type=\"section\" data-e-type=\"section\">\n\t\t\t\t\t\t<div class=\"elementor-container elementor-column-gap-default\">\n\t\t\t\t\t<div class=\"elementor-column elementor-col-33 elementor-top-column elementor-element elementor-element-812fb6b\" data-id=\"812fb6b\" data-element_type=\"column\" data-e-type=\"column\">\n\t\t\t<div class=\"elementor-widget-wrap elementor-element-populated\">\n\t\t\t\t\t\t<div class=\"elementor-element elementor-element-37dbe82 elementor-widget elementor-widget-image\" data-id=\"37dbe82\" data-element_type=\"widget\" data-e-type=\"widget\" data-widget_type=\"image.default\">\n\t\t\t\t<div class=\"elementor-widget-container\">\n\t\t\t\t\t\t\t\t\t\t\t\t\t\t\t<img fetchpriority=\"high\" decoding=\"async\" width=\"260\" height=\"208\" src=\"https:\/\/stitedu.eu\/wp-content\/uploads\/logo-aforisma.png\" class=\"attachment-medium size-medium wp-image-354\" alt=\"\" \/>\t\t\t\t\t\t\t\t\t\t\t\t\t\t\t<\/div>\n\t\t\t\t<\/div>\n\t\t\t\t\t<\/div>\n\t\t<\/div>\n\t\t\t\t<div class=\"elementor-column elementor-col-66 elementor-top-column elementor-element elementor-element-6fc37c6\" data-id=\"6fc37c6\" data-element_type=\"column\" data-e-type=\"column\">\n\t\t\t<div class=\"elementor-widget-wrap elementor-element-populated\">\n\t\t\t\t\t\t<div class=\"elementor-element elementor-element-6811ee1 elementor-widget elementor-widget-text-editor\" data-id=\"6811ee1\" data-element_type=\"widget\" data-e-type=\"widget\" data-widget_type=\"text-editor.default\">\n\t\t\t\t<div class=\"elementor-widget-container\">\n\t\t\t\t\t\t\t\t\t<h2 style=\"text-align: center;\"><span style=\"color: #0575e6;\"><strong>Soc. Coop. A.Fo.Ri.S.Ma. (Italia) &#8211;\u00a0<\/strong><\/span><span style=\"color: #0575e6;\"><b>Coordinador de proyecto<\/b><\/span><\/h2><p style=\"text-align: center;\">Prestando especial atenci\u00f3n a la din\u00e1mica laboral local y mundial, Aforisma puede ayudarte a identificar la trayectoria profesional adecuada para ti a trav\u00e9s de herramientas educativas y de inserci\u00f3n laboral.<\/p><p style=\"text-align: center;\"><a href=\"https:\/\/www.aforismatoscana.net\/\" target=\"_blank\" rel=\"noopener\"><strong>www.aforismatoscana.net<\/strong><\/a><\/p>\t\t\t\t\t\t\t\t<\/div>\n\t\t\t\t<\/div>\n\t\t\t\t\t<\/div>\n\t\t<\/div>\n\t\t\t\t\t<\/div>\n\t\t<\/section>\n\t\t\t\t<section class=\"elementor-section elementor-top-section elementor-element elementor-element-2be2b6d elementor-section-boxed elementor-section-height-default elementor-section-height-default\" data-id=\"2be2b6d\" data-element_type=\"section\" data-e-type=\"section\">\n\t\t\t\t\t\t<div class=\"elementor-container elementor-column-gap-default\">\n\t\t\t\t\t<div class=\"elementor-column elementor-col-33 elementor-top-column elementor-element elementor-element-e5c6043\" data-id=\"e5c6043\" data-element_type=\"column\" data-e-type=\"column\">\n\t\t\t<div class=\"elementor-widget-wrap elementor-element-populated\">\n\t\t\t\t\t\t<div class=\"elementor-element elementor-element-c46cb41 elementor-widget elementor-widget-image\" data-id=\"c46cb41\" data-element_type=\"widget\" data-e-type=\"widget\" data-widget_type=\"image.default\">\n\t\t\t\t<div class=\"elementor-widget-container\">\n\t\t\t\t\t\t\t\t\t\t\t\t\t\t\t<img decoding=\"async\" width=\"300\" height=\"138\" src=\"https:\/\/stitedu.eu\/wp-content\/uploads\/logo-docete-omnes.png\" class=\"attachment-medium size-medium wp-image-357\" alt=\"\" \/>\t\t\t\t\t\t\t\t\t\t\t\t\t\t\t<\/div>\n\t\t\t\t<\/div>\n\t\t\t\t\t<\/div>\n\t\t<\/div>\n\t\t\t\t<div class=\"elementor-column elementor-col-66 elementor-top-column elementor-element elementor-element-f3da55a\" data-id=\"f3da55a\" data-element_type=\"column\" data-e-type=\"column\">\n\t\t\t<div class=\"elementor-widget-wrap elementor-element-populated\">\n\t\t\t\t\t\t<div class=\"elementor-element elementor-element-e57831a elementor-widget elementor-widget-text-editor\" data-id=\"e57831a\" data-element_type=\"widget\" data-e-type=\"widget\" data-widget_type=\"text-editor.default\">\n\t\t\t\t<div class=\"elementor-widget-container\">\n\t\t\t\t\t\t\t\t\t<h2 style=\"text-align: center;\"><b style=\"color: #e1bf03;\">Fundaci\u00f3n Docete Omnes (<\/b><span style=\"color: #e1bf03;\"><b>Espa\u00f1a<\/b><\/span><b style=\"color: #e1bf03;\">)<\/b><\/h2><p style=\"text-align: center;\">La Fundaci\u00f3n Docete Omnes se cre\u00f3 para responder a las necesidades de formaci\u00f3n y asistencia de las capas menos favorecidas de la sociedad y luchar por la innovaci\u00f3n social.<\/p><p style=\"text-align: center;\"><a href=\"https:\/\/doceteomnes.es\" target=\"_blank\" rel=\"noopener\"><strong>doceteomnes.es<\/strong><\/a><\/p>\t\t\t\t\t\t\t\t<\/div>\n\t\t\t\t<\/div>\n\t\t\t\t\t<\/div>\n\t\t<\/div>\n\t\t\t\t\t<\/div>\n\t\t<\/section>\n\t\t\t\t<section class=\"elementor-section elementor-top-section elementor-element elementor-element-5246480 elementor-section-boxed elementor-section-height-default elementor-section-height-default\" data-id=\"5246480\" data-element_type=\"section\" data-e-type=\"section\">\n\t\t\t\t\t\t<div class=\"elementor-container elementor-column-gap-default\">\n\t\t\t\t\t<div class=\"elementor-column elementor-col-33 elementor-top-column elementor-element elementor-element-28a3e3f\" data-id=\"28a3e3f\" data-element_type=\"column\" data-e-type=\"column\">\n\t\t\t<div class=\"elementor-widget-wrap elementor-element-populated\">\n\t\t\t\t\t\t<div class=\"elementor-element elementor-element-7a91e40 elementor-widget elementor-widget-image\" data-id=\"7a91e40\" data-element_type=\"widget\" data-e-type=\"widget\" data-widget_type=\"image.default\">\n\t\t\t\t<div class=\"elementor-widget-container\">\n\t\t\t\t\t\t\t\t\t\t\t\t\t\t\t<img decoding=\"async\" width=\"300\" height=\"226\" src=\"https:\/\/stitedu.eu\/wp-content\/uploads\/flipnet-logo-e1675258849165.png\" class=\"attachment-medium size-medium wp-image-363\" alt=\"\" \/>\t\t\t\t\t\t\t\t\t\t\t\t\t\t\t<\/div>\n\t\t\t\t<\/div>\n\t\t\t\t\t<\/div>\n\t\t<\/div>\n\t\t\t\t<div class=\"elementor-column elementor-col-66 elementor-top-column elementor-element elementor-element-e496816\" data-id=\"e496816\" data-element_type=\"column\" data-e-type=\"column\">\n\t\t\t<div class=\"elementor-widget-wrap elementor-element-populated\">\n\t\t\t\t\t\t<div class=\"elementor-element elementor-element-cd3bb2a elementor-widget elementor-widget-text-editor\" data-id=\"cd3bb2a\" data-element_type=\"widget\" data-e-type=\"widget\" data-widget_type=\"text-editor.default\">\n\t\t\t\t<div class=\"elementor-widget-container\">\n\t\t\t\t\t\t\t\t\t<h2 style=\"text-align: center;\"><span style=\"color: #e1bf03;\"><strong>Flipnet (Italia)<\/strong><\/span><\/h2><p style=\"text-align: center;\">Organiza eventos y formaciones sobre ense\u00f1anza activa, creativa, inclusiva, cooperativa y invertida.<br \/>para docentes de todos los niveles con el objetivo de combatir las dificultades escolares y el abandono escolar.<\/p><p style=\"text-align: center;\"><a title=\"lipnet.it\/\" href=\"https:\/\/flipnet.it\/\" target=\"_blank\" rel=\"noopener\"><strong>flipnet.it<\/strong><\/a><\/p>\t\t\t\t\t\t\t\t<\/div>\n\t\t\t\t<\/div>\n\t\t\t\t\t<\/div>\n\t\t<\/div>\n\t\t\t\t\t<\/div>\n\t\t<\/section>\n\t\t\t\t<section class=\"elementor-section elementor-top-section elementor-element elementor-element-9599fe3 elementor-section-boxed elementor-section-height-default elementor-section-height-default\" data-id=\"9599fe3\" data-element_type=\"section\" data-e-type=\"section\">\n\t\t\t\t\t\t<div class=\"elementor-container elementor-column-gap-default\">\n\t\t\t\t\t<div class=\"elementor-column elementor-col-33 elementor-top-column elementor-element elementor-element-6427386\" data-id=\"6427386\" data-element_type=\"column\" data-e-type=\"column\">\n\t\t\t<div class=\"elementor-widget-wrap elementor-element-populated\">\n\t\t\t\t\t\t<div class=\"elementor-element elementor-element-1e270fd elementor-widget elementor-widget-image\" data-id=\"1e270fd\" data-element_type=\"widget\" data-e-type=\"widget\" data-widget_type=\"image.default\">\n\t\t\t\t<div class=\"elementor-widget-container\">\n\t\t\t\t\t\t\t\t\t\t\t\t\t\t\t<img loading=\"lazy\" decoding=\"async\" width=\"300\" height=\"212\" src=\"https:\/\/stitedu.eu\/wp-content\/uploads\/constantahub-logo-300x212.png\" class=\"attachment-medium size-medium wp-image-366\" alt=\"\" srcset=\"https:\/\/stitedu.eu\/wp-content\/uploads\/constantahub-logo-300x212.png 300w, https:\/\/stitedu.eu\/wp-content\/uploads\/constantahub-logo.png 500w\" sizes=\"(max-width: 300px) 100vw, 300px\" \/>\t\t\t\t\t\t\t\t\t\t\t\t\t\t\t<\/div>\n\t\t\t\t<\/div>\n\t\t\t\t\t<\/div>\n\t\t<\/div>\n\t\t\t\t<div class=\"elementor-column elementor-col-66 elementor-top-column elementor-element elementor-element-b8ca0b8\" data-id=\"b8ca0b8\" data-element_type=\"column\" data-e-type=\"column\">\n\t\t\t<div class=\"elementor-widget-wrap elementor-element-populated\">\n\t\t\t\t\t\t<div class=\"elementor-element elementor-element-e547668 elementor-widget elementor-widget-text-editor\" data-id=\"e547668\" data-element_type=\"widget\" data-e-type=\"widget\" data-widget_type=\"text-editor.default\">\n\t\t\t\t<div class=\"elementor-widget-container\">\n\t\t\t\t\t\t\t\t\t<h2 style=\"text-align: center;\"><b style=\"color: #e1bf03;\">Bexley C-Level IT (<\/b><span style=\"color: #e1bf03;\"><b>Ruman\u00eda<\/b><\/span><b style=\"color: #e1bf03;\">)<\/b><\/h2><p style=\"text-align: center;\">Proporcionamos soluciones pedag\u00f3gicas digitales a organizaciones educativas que imparten educaci\u00f3n a j\u00f3venes y adultos.<\/p><p style=\"text-align: center;\"><a href=\"https:\/\/constantahub.ro\" target=\"_blank\" rel=\"noopener\"><b>constantahub.ro<\/b><\/a><\/p>\t\t\t\t\t\t\t\t<\/div>\n\t\t\t\t<\/div>\n\t\t\t\t\t<\/div>\n\t\t<\/div>\n\t\t\t\t\t<\/div>\n\t\t<\/section>\n\t\t\t\t<section class=\"elementor-section elementor-top-section elementor-element elementor-element-850c61b elementor-section-boxed elementor-section-height-default elementor-section-height-default\" data-id=\"850c61b\" data-element_type=\"section\" data-e-type=\"section\">\n\t\t\t\t\t\t<div class=\"elementor-container elementor-column-gap-default\">\n\t\t\t\t\t<div class=\"elementor-column elementor-col-33 elementor-top-column elementor-element elementor-element-9f1fbe5\" data-id=\"9f1fbe5\" data-element_type=\"column\" data-e-type=\"column\">\n\t\t\t<div class=\"elementor-widget-wrap elementor-element-populated\">\n\t\t\t\t\t\t<div class=\"elementor-element elementor-element-f640a3d elementor-widget elementor-widget-image\" data-id=\"f640a3d\" data-element_type=\"widget\" data-e-type=\"widget\" data-widget_type=\"image.default\">\n\t\t\t\t<div class=\"elementor-widget-container\">\n\t\t\t\t\t\t\t\t\t\t\t\t\t\t\t<img loading=\"lazy\" decoding=\"async\" width=\"300\" height=\"166\" src=\"https:\/\/stitedu.eu\/wp-content\/uploads\/logo-qzr-e1675258783341.png\" class=\"attachment-medium size-medium wp-image-360\" alt=\"\" \/>\t\t\t\t\t\t\t\t\t\t\t\t\t\t\t<\/div>\n\t\t\t\t<\/div>\n\t\t\t\t\t<\/div>\n\t\t<\/div>\n\t\t\t\t<div class=\"elementor-column elementor-col-66 elementor-top-column elementor-element elementor-element-e00e011\" data-id=\"e00e011\" data-element_type=\"column\" data-e-type=\"column\">\n\t\t\t<div class=\"elementor-widget-wrap elementor-element-populated\">\n\t\t\t\t\t\t<div class=\"elementor-element elementor-element-c82d45b elementor-widget elementor-widget-text-editor\" data-id=\"c82d45b\" data-element_type=\"widget\" data-e-type=\"widget\" data-widget_type=\"text-editor.default\">\n\t\t\t\t<div class=\"elementor-widget-container\">\n\t\t\t\t\t\t\t\t\t<h2 style=\"text-align: center;\"><span style=\"color: #e1bf03;\"><strong>QZR (Italy)<\/strong><\/span><\/h2><p style=\"text-align: center;\">QZR es s\u00f3lo el principio: desarrollo inform\u00e1tico, comunicaci\u00f3n visual, educaci\u00f3n, inmersividad, dise\u00f1o de juegos.<\/p><p style=\"text-align: center;\"><a href=\"https:\/\/qzrstudio.com\" target=\"_blank\" rel=\"noopener\"><strong>qzrstudio.com<\/strong><\/a><\/p>\t\t\t\t\t\t\t\t<\/div>\n\t\t\t\t<\/div>\n\t\t\t\t\t<\/div>\n\t\t<\/div>\n\t\t\t\t\t<\/div>\n\t\t<\/section>\n\t\t\t\t<\/div>\n\t\t","protected":false},"excerpt":{"rendered":"<p>Socios del proyecto Soc. Coop. A.Fo.Ri.S.Ma. (Italia) &#8211;\u00a0Coordinador de proyecto Prestando especial atenci\u00f3n a la din\u00e1mica laboral local y mundial, Aforisma puede ayudarte a identificar la trayectoria profesional adecuada para ti a trav\u00e9s de herramientas educativas y de inserci\u00f3n laboral. www.aforismatoscana.net Fundaci\u00f3n Docete Omnes (Espa\u00f1a) La Fundaci\u00f3n Docete Omnes se cre\u00f3 para responder a las necesidades de formaci\u00f3n y asistencia<\/p>\n<p><a class=\"more-link\" href=\"https:\/\/stitedu.eu\/es\/socios\/\">Leer m\u00e1s<\/a><\/p>\n","protected":false},"author":2,"featured_media":0,"parent":0,"menu_order":0,"comment_status":"closed","ping_status":"closed","template":"","meta":{"footnotes":""},"class_list":["post-478","page","type-page","status-publish","hentry"],"aioseo_notices":[],"_links":{"self":[{"href":"https:\/\/stitedu.eu\/es\/wp-json\/wp\/v2\/pages\/478","targetHints":{"allow":["GET"]}}],"collection":[{"href":"https:\/\/stitedu.eu\/es\/wp-json\/wp\/v2\/pages"}],"about":[{"href":"https:\/\/stitedu.eu\/es\/wp-json\/wp\/v2\/types\/page"}],"author":[{"embeddable":true,"href":"https:\/\/stitedu.eu\/es\/wp-json\/wp\/v2\/users\/2"}],"replies":[{"embeddable":true,"href":"https:\/\/stitedu.eu\/es\/wp-json\/wp\/v2\/comments?post=478"}],"version-history":[{"count":16,"href":"https:\/\/stitedu.eu\/es\/wp-json\/wp\/v2\/pages\/478\/revisions"}],"predecessor-version":[{"id":593,"href":"https:\/\/stitedu.eu\/es\/wp-json\/wp\/v2\/pages\/478\/revisions\/593"}],"wp:attachment":[{"href":"https:\/\/stitedu.eu\/es\/wp-json\/wp\/v2\/media?parent=478"}],"curies":[{"name":"wp","href":"https:\/\/api.w.org\/{rel}","templated":true}]}}